{"id":155,"date":"2019-11-24T13:12:09","date_gmt":"2019-11-24T10:12:09","guid":{"rendered":"https:\/\/www.dostziraat.com\/?page_id=155"},"modified":"2024-08-01T12:05:58","modified_gmt":"2024-08-01T09:05:58","slug":"tohumculuk","status":"publish","type":"page","link":"https:\/\/www.dostziraat.com\/en\/hizmetlerimiz\/tohumculuk\/","title":{"rendered":"Dairy Farming"},"content":{"rendered":"<p>[vc_row][vc_column width=&#8221;1\/3&#8243;][vc_single_image image=&#8221;348&#8243; img_size=&#8221;full&#8221; css=&#8221;.vc_custom_1574697833529{margin-top: 0px !important;margin-right: 0px !important;margin-bottom: 0px !important;margin-left: 0px !important;padding-top: 0px !important;padding-right: 0px !important;padding-bottom: 0px !important;padding-left: 0px !important;}&#8221;]<div class=\"ult-spacer spacer-69f89dbc6d202\" data-id=\"69f89dbc6d202\" data-height=\"0\" data-height-mobile=\"10\" data-height-tab=\"0\" data-height-tab-portrait=\"0\" data-height-mobile-landscape=\"10\" style=\"clear:both;display:block;\"><\/div>[\/vc_column][vc_column width=&#8221;2\/3&#8243;][vc_column_text css=&#8221;.vc_custom_1585743593855{margin-bottom: 0px !important;padding-bottom: 0px !important;}&#8221;]With the <strong>Dost Tohum <\/strong>brand, we produce the natural hybrid and heirloom seeds of tomatoes, peppers, cucumbers and various other vegetables. We collect various almost extinct seeds of especially Anatolia and obtain highly efficient and high quality products subsequent to natural hybridization processes.<\/p>\n<p>In consequence of long-lasting R&amp;D and natural reclamation activities, we develop non-GMO and environment-friendly products. We offer our products to consumers at national and international markets.[\/vc_column_text][vc_single_image image=&#8221;499&#8243; img_size=&#8221;200&#215;283&#8243; onclick=&#8221;link_image&#8221; image_hovers=&#8221;false&#8221; css=&#8221;.vc_custom_1578167097073{padding-top: 15px !important;}&#8221;][\/vc_column][vc_column css=&#8221;.vc_custom_1574678578632{margin-top: 35px !important;}&#8221;][vc_separator][\/vc_column][\/vc_row][vc_row css=&#8221;.vc_custom_1574677701377{margin-bottom: 65px !important;padding-top: 5px !important;}&#8221;][vc_column css=&#8221;.vc_custom_1574678573244{padding-top: 0px !important;}&#8221;]<div id=\"ultimate-heading-826169f89dbc6d224\" class=\"uvc-heading ult-adjust-bottom-margin ultimate-heading-826169f89dbc6d224 uvc-5327 \" data-hspacer=\"no_spacer\"  data-halign=\"center\" style=\"text-align:center\"><div class=\"uvc-heading-spacer no_spacer\" style=\"top\"><\/div><div class=\"uvc-main-heading ult-responsive\"  data-ultimate-target='.uvc-heading.ultimate-heading-826169f89dbc6d224 h2'  data-responsive-json-new='{\"font-size\":\"desktop:22px;mobile_landscape:17px;mobile:17px;\",\"line-height\":\"desktop:26px;\"}' ><h2 style=\"font-family:&#039;Montserrat&#039;;font-weight:600;color:#226041;margin-bottom:15px;\">OTHER SERVICES<\/h2><\/div><\/div><div id=\"ult-carousel-191377283069f89dbc6d272\" class=\"ult-carousel-wrapper  vc_custom_1574678500834  ult_horizontal\" data-gutter=\"4\" data-rtl=\"false\" ><div class=\"ult-carousel-144784360069f89dbc6d257 \" ><div class=\"ult-item-wrap\" data-animation=\"animated no-animation\"><div class=\"ult-new-ib ult-ib-effect-style2  ult-ib-resp ult-ib2-min-height  vc_custom_1720688859578\" data-min-width=\"768\" data-max-width=\"900\" style=\"background:#927e5e; opacity:0; \" data-opacity=\"0.4\" data-hover-opacity=\"0.1\"  data-min-height=\"155\" ><img decoding=\"async\" class=\"ult-new-ib-img\" style=\"opacity:0.4;\" alt=\"null\" src=\"https:\/\/www.dostziraat.com\/wp-content\/uploads\/damizlik-duve-yetistiriciligi_img.jpg\"  data-min-height=\"155\"   \/><div id=\"interactive-banner-wrap-1840\" class=\"ult-new-ib-desc\" style=\"\"><h2 class=\"ult-new-ib-title ult-responsive\"  data-ultimate-target='#interactive-banner-wrap-1840 .ult-new-ib-title'  data-responsive-json-new='{\"font-size\":\"desktop:18px;mobile:20px;\",\"line-height\":\"\"}'  style=\"font-family:&#039;Montserrat&#039;;font-weight:600;color:#ffffff;\">Heifer Breeding<\/h2><div class=\"ult-new-ib-content ult-responsive\"  data-ultimate-target='#interactive-banner-wrap-1840 .ult-new-ib-content'  data-responsive-json-new='{\"font-size\":\"\",\"line-height\":\"\"}'  style=\"font-weight:normal;\"><p>Details<\/p><\/div><\/div><a class=\"ult-new-ib-link\" href=\"https:\/\/www.dostziraat.com\/hizmetlerimiz\/hayvansal-uretim\/\" title=\"Hayvansal \u00dcretim\"  data-touch-delay=\"0\"><\/a><\/div><script type=\"text\/javascript\">\n\t\t\t(function($){\n\t\t\t\t$(document).ready(function(){\n\t\t\t\t\t$(\".ult-new-ib\").css(\"opacity\",\"1\");\n\t\t\t\t});\n\t\t\t})(jQuery);\n\t\t\t<\/script><\/div><div class=\"ult-item-wrap\" data-animation=\"animated no-animation\"><div class=\"ult-new-ib ult-ib-effect-style2  ult-ib-resp ult-ib2-min-height  vc_custom_1720688874338\" data-min-width=\"768\" data-max-width=\"900\" style=\"background:#687559; opacity:0; \" data-opacity=\"0.4\" data-hover-opacity=\"0.1\"  data-min-height=\"155\" ><img decoding=\"async\" class=\"ult-new-ib-img\" style=\"opacity:0.4;\" alt=\"null\" src=\"https:\/\/www.dostziraat.com\/wp-content\/uploads\/bitkisel-ana-sayfa.jpg\"  data-min-height=\"155\"   \/><div id=\"interactive-banner-wrap-5247\" class=\"ult-new-ib-desc\" style=\"\"><h2 class=\"ult-new-ib-title ult-responsive\"  data-ultimate-target='#interactive-banner-wrap-5247 .ult-new-ib-title'  data-responsive-json-new='{\"font-size\":\"desktop:18px;mobile:20px;\",\"line-height\":\"\"}'  style=\"font-family:&#039;Montserrat&#039;;font-weight:600;color:#ffffff;\">Vegetative Production<\/h2><div class=\"ult-new-ib-content ult-responsive\"  data-ultimate-target='#interactive-banner-wrap-5247 .ult-new-ib-content'  data-responsive-json-new='{\"font-size\":\"\",\"line-height\":\"\"}'  style=\"font-weight:normal;\"><p>Details<\/p><\/div><\/div><a class=\"ult-new-ib-link\" href=\"https:\/\/www.dostziraat.com\/hizmetlerimiz\/bitkisel-uretim\/\" title=\"Bitkisel \u00dcretim\"  data-touch-delay=\"0\"><\/a><\/div><script type=\"text\/javascript\">\n\t\t\t(function($){\n\t\t\t\t$(document).ready(function(){\n\t\t\t\t\t$(\".ult-new-ib\").css(\"opacity\",\"1\");\n\t\t\t\t});\n\t\t\t})(jQuery);\n\t\t\t<\/script><\/div><div class=\"ult-item-wrap\" data-animation=\"animated no-animation\"><div class=\"ult-new-ib ult-ib-effect-style2  ult-ib-resp ult-ib2-min-height  vc_custom_1720688883488\" data-min-width=\"768\" data-max-width=\"900\" style=\"background:#2a375b; opacity:0; \" data-opacity=\"0.4\" data-hover-opacity=\"0.1\"  data-min-height=\"155\" ><img decoding=\"async\" class=\"ult-new-ib-img\" style=\"opacity:0.4;\" alt=\"null\" src=\"https:\/\/www.dostziraat.com\/wp-content\/uploads\/perakende-2.jpg\"  data-min-height=\"155\"   \/><div id=\"interactive-banner-wrap-3873\" class=\"ult-new-ib-desc\" style=\"\"><h2 class=\"ult-new-ib-title ult-responsive\"  data-ultimate-target='#interactive-banner-wrap-3873 .ult-new-ib-title'  data-responsive-json-new='{\"font-size\":\"desktop:18px;mobile:20px;\",\"line-height\":\"\"}'  style=\"font-family:&#039;Montserrat&#039;;font-weight:600;color:#ffffff;\">Retail<\/h2><div class=\"ult-new-ib-content ult-responsive\"  data-ultimate-target='#interactive-banner-wrap-3873 .ult-new-ib-content'  data-responsive-json-new='{\"font-size\":\"\",\"line-height\":\"\"}'  style=\"font-weight:normal;\"><p>Details<\/p><\/div><\/div><a class=\"ult-new-ib-link\" href=\"https:\/\/www.dostziraat.com\/hizmetlerimiz\/perakende\/\" title=\"Perakende\"  data-touch-delay=\"0\"><\/a><\/div><script type=\"text\/javascript\">\n\t\t\t(function($){\n\t\t\t\t$(document).ready(function(){\n\t\t\t\t\t$(\".ult-new-ib\").css(\"opacity\",\"1\");\n\t\t\t\t});\n\t\t\t})(jQuery);\n\t\t\t<\/script><\/div><div class=\"ult-item-wrap\" data-animation=\"animated no-animation\"><div class=\"ult-new-ib ult-ib-effect-style2  ult-ib-resp ult-ib2-min-height  vc_custom_1720688888439\" data-min-width=\"768\" data-max-width=\"900\" style=\"background:#2b8ace; opacity:0; \" data-opacity=\"0.4\" data-hover-opacity=\"0.1\"  data-min-height=\"155\" ><img decoding=\"async\" class=\"ult-new-ib-img\" style=\"opacity:0.4;\" alt=\"null\" src=\"https:\/\/www.dostziraat.com\/wp-content\/uploads\/ihracat_img.jpg\"  data-min-height=\"155\"   \/><div id=\"interactive-banner-wrap-2066\" class=\"ult-new-ib-desc\" style=\"\"><h2 class=\"ult-new-ib-title ult-responsive\"  data-ultimate-target='#interactive-banner-wrap-2066 .ult-new-ib-title'  data-responsive-json-new='{\"font-size\":\"desktop:18px;mobile:20px;\",\"line-height\":\"\"}'  style=\"font-family:&#039;Montserrat&#039;;font-weight:600;color:#ffffff;\">Exportation<\/h2><div class=\"ult-new-ib-content ult-responsive\"  data-ultimate-target='#interactive-banner-wrap-2066 .ult-new-ib-content'  data-responsive-json-new='{\"font-size\":\"\",\"line-height\":\"\"}'  style=\"font-weight:normal;\"><p>Details<\/p><\/div><\/div><a class=\"ult-new-ib-link\" href=\"https:\/\/www.dostziraat.com\/hizmetlerimiz\/ihracat\/\" title=\"\u0130hracat\"  data-touch-delay=\"0\"><\/a><\/div><script type=\"text\/javascript\">\n\t\t\t(function($){\n\t\t\t\t$(document).ready(function(){\n\t\t\t\t\t$(\".ult-new-ib\").css(\"opacity\",\"1\");\n\t\t\t\t});\n\t\t\t})(jQuery);\n\t\t\t<\/script><\/div><div class=\"ult-item-wrap\" data-animation=\"animated no-animation\"><div class=\"ult-new-ib ult-ib-effect-style2  ult-ib-resp ult-ib2-min-height  vc_custom_1720688916259\" data-min-width=\"768\" data-max-width=\"900\" style=\"background:#757b35; opacity:0; \" data-opacity=\"0.4\" data-hover-opacity=\"0.1\"  data-min-height=\"155\" ><img decoding=\"async\" class=\"ult-new-ib-img\" style=\"opacity:0.4;\" alt=\"null\" src=\"https:\/\/www.dostziraat.com\/wp-content\/uploads\/sut-hayvanciligi.jpg\"  data-min-height=\"155\"   \/><div id=\"interactive-banner-wrap-7188\" class=\"ult-new-ib-desc\" style=\"\"><h2 class=\"ult-new-ib-title ult-responsive\"  data-ultimate-target='#interactive-banner-wrap-7188 .ult-new-ib-title'  data-responsive-json-new='{\"font-size\":\"desktop:18px;mobile:20px;\",\"line-height\":\"\"}'  style=\"font-family:&#039;Montserrat&#039;;font-weight:600;color:#ffffff;\">Dairy Farming<\/h2><div class=\"ult-new-ib-content ult-responsive\"  data-ultimate-target='#interactive-banner-wrap-7188 .ult-new-ib-content'  data-responsive-json-new='{\"font-size\":\"\",\"line-height\":\"\"}'  style=\"font-weight:normal;\"><p>Details<\/p><\/div><\/div><a class=\"ult-new-ib-link\" href=\"https:\/\/www.dostziraat.com\/hizmetlerimiz\/tohumculuk\/\" title=\"Tohumculuk\"  data-touch-delay=\"0\"><\/a><\/div><script type=\"text\/javascript\">\n\t\t\t(function($){\n\t\t\t\t$(document).ready(function(){\n\t\t\t\t\t$(\".ult-new-ib\").css(\"opacity\",\"1\");\n\t\t\t\t});\n\t\t\t})(jQuery);\n\t\t\t<\/script><\/div><div class=\"ult-item-wrap\" data-animation=\"animated no-animation\"><div class=\"ult-new-ib ult-ib-effect-style2  ult-ib-resp ult-ib2-min-height  vc_custom_1720688936114\" data-min-width=\"768\" data-max-width=\"900\" style=\"background:#381247; opacity:0; \" data-opacity=\"0.4\" data-hover-opacity=\"0.1\"  data-min-height=\"155\" ><img decoding=\"async\" class=\"ult-new-ib-img\" style=\"opacity:0.4;\" alt=\"null\" src=\"https:\/\/www.dostziraat.com\/wp-content\/uploads\/tropik-meyvecilik.jpg\"  data-min-height=\"155\"   \/><div id=\"interactive-banner-wrap-6232\" class=\"ult-new-ib-desc\" style=\"\"><h2 class=\"ult-new-ib-title ult-responsive\"  data-ultimate-target='#interactive-banner-wrap-6232 .ult-new-ib-title'  data-responsive-json-new='{\"font-size\":\"desktop:18px;mobile:20px;\",\"line-height\":\"\"}'  style=\"font-family:&#039;Montserrat&#039;;font-weight:600;color:#ffffff;\">Tropical Fruit Growing<\/h2><div class=\"ult-new-ib-content ult-responsive\"  data-ultimate-target='#interactive-banner-wrap-6232 .ult-new-ib-content'  data-responsive-json-new='{\"font-size\":\"\",\"line-height\":\"\"}'  style=\"font-weight:normal;\"><p>Details<\/p><\/div><\/div><a class=\"ult-new-ib-link\" href=\"https:\/\/www.dostziraat.com\/hizmetlerimiz\/meyvecilik\/\" title=\"Meyvecilik\"  data-touch-delay=\"0\"><\/a><\/div><script type=\"text\/javascript\">\n\t\t\t(function($){\n\t\t\t\t$(document).ready(function(){\n\t\t\t\t\t$(\".ult-new-ib\").css(\"opacity\",\"1\");\n\t\t\t\t});\n\t\t\t})(jQuery);\n\t\t\t<\/script><\/div><div class=\"ult-item-wrap\" data-animation=\"animated no-animation\"><div class=\"ult-new-ib ult-ib-effect-style2  ult-ib-resp ult-ib2-min-height  vc_custom_1720688950716\" data-min-width=\"768\" data-max-width=\"900\" style=\"background:#64a4ca; opacity:0; \" data-opacity=\"0.4\" data-hover-opacity=\"0.1\"  data-min-height=\"155\" ><img decoding=\"async\" class=\"ult-new-ib-img\" style=\"opacity:0.4;\" alt=\"null\" src=\"https:\/\/www.dostziraat.com\/wp-content\/uploads\/bitkisel-uretim-img.jpg\"  data-min-height=\"155\"   \/><div id=\"interactive-banner-wrap-7454\" class=\"ult-new-ib-desc\" style=\"\"><h2 class=\"ult-new-ib-title ult-responsive\"  data-ultimate-target='#interactive-banner-wrap-7454 .ult-new-ib-title'  data-responsive-json-new='{\"font-size\":\"desktop:18px;mobile:20px;\",\"line-height\":\"\"}'  style=\"font-family:&#039;Montserrat&#039;;font-weight:600;color:#ffffff;\">Agricultural Technologies<\/h2><div class=\"ult-new-ib-content ult-responsive\"  data-ultimate-target='#interactive-banner-wrap-7454 .ult-new-ib-content'  data-responsive-json-new='{\"font-size\":\"\",\"line-height\":\"\"}'  style=\"font-weight:normal;\"><p>Details<\/p><\/div><\/div><a class=\"ult-new-ib-link\" href=\"https:\/\/www.dostziraat.com\/hizmetlerimiz\/tarim-teknolojileri-ar-ge\/\" title=\"Tar\u0131m Teknolojileri AR-GE\"  data-touch-delay=\"0\"><\/a><\/div><script type=\"text\/javascript\">\n\t\t\t(function($){\n\t\t\t\t$(document).ready(function(){\n\t\t\t\t\t$(\".ult-new-ib\").css(\"opacity\",\"1\");\n\t\t\t\t});\n\t\t\t})(jQuery);\n\t\t\t<\/script><\/div><div class=\"ult-item-wrap\" data-animation=\"animated no-animation\"><div class=\"ult-new-ib ult-ib-effect-style2  ult-ib-resp ult-ib2-min-height  vc_custom_1720688957167\" data-min-width=\"768\" data-max-width=\"900\" style=\"background:#7a6f59; opacity:0; \" data-opacity=\"0.4\" data-hover-opacity=\"0.1\"  data-min-height=\"155\" ><img decoding=\"async\" class=\"ult-new-ib-img\" style=\"opacity:0.4;\" alt=\"null\" src=\"https:\/\/www.dostziraat.com\/wp-content\/uploads\/danismanlik_img.jpg\"  data-min-height=\"155\"   \/><div id=\"interactive-banner-wrap-1573\" class=\"ult-new-ib-desc\" style=\"\"><h2 class=\"ult-new-ib-title ult-responsive\"  data-ultimate-target='#interactive-banner-wrap-1573 .ult-new-ib-title'  data-responsive-json-new='{\"font-size\":\"desktop:18px;mobile:20px;\",\"line-height\":\"\"}'  style=\"font-family:&#039;Montserrat&#039;;font-weight:600;color:#ffffff;\">Consultancy<\/h2><div class=\"ult-new-ib-content ult-responsive\"  data-ultimate-target='#interactive-banner-wrap-1573 .ult-new-ib-content'  data-responsive-json-new='{\"font-size\":\"\",\"line-height\":\"\"}'  style=\"font-weight:normal;\"><p>Details<\/p><\/div><\/div><a class=\"ult-new-ib-link\" href=\"https:\/\/www.dostziraat.com\/hizmetlerimiz\/danismanlik\/\" title=\"Dan\u0131\u015fmanl\u0131k\"  data-touch-delay=\"0\"><\/a><\/div><script type=\"text\/javascript\">\n\t\t\t(function($){\n\t\t\t\t$(document).ready(function(){\n\t\t\t\t\t$(\".ult-new-ib\").css(\"opacity\",\"1\");\n\t\t\t\t});\n\t\t\t})(jQuery);\n\t\t\t<\/script><\/div><\/div><\/div>\t\t\t<script type=\"text\/javascript\">\n\t\t\t\tjQuery(document).ready(function ($) {\n\t\t\t\t\tif( typeof jQuery('.ult-carousel-144784360069f89dbc6d257').slick == \"function\"){\n\t\t\t\t\t\t$('.ult-carousel-144784360069f89dbc6d257').slick({dots: true,autoplay: true,autoplaySpeed: 3500,speed: 300,infinite: true,arrows: false,slidesToScroll:1,slidesToShow:4,swipe: true,draggable: true,touchMove: true,pauseOnHover: false,pauseOnFocus: false,adaptiveHeight: true,responsive: [\n\t\t\t\t\t\t\t{\n\t\t\t\t\t\t\t  breakpoint: 1026,\n\t\t\t\t\t\t\t  settings: {\n\t\t\t\t\t\t\t\tslidesToShow: 4,\n\t\t\t\t\t\t\t\tslidesToScroll: 1,  \n\t\t\t\t\t\t\t  }\n\t\t\t\t\t\t\t},\n\t\t\t\t\t\t\t{\n\t\t\t\t\t\t\t  breakpoint: 1025,\n\t\t\t\t\t\t\t  settings: {\n\t\t\t\t\t\t\t\tslidesToShow: 2,\n\t\t\t\t\t\t\t\tslidesToScroll: 1\n\t\t\t\t\t\t\t  }\n\t\t\t\t\t\t\t},\n\t\t\t\t\t\t\t{\n\t\t\t\t\t\t\t  breakpoint: 760,\n\t\t\t\t\t\t\t  settings: {\n\t\t\t\t\t\t\t\tslidesToShow: 1,\n\t\t\t\t\t\t\t\tslidesToScroll: 1\n\t\t\t\t\t\t\t  }\n\t\t\t\t\t\t\t}\n\t\t\t\t\t\t],pauseOnDotsHover: true,customPaging: function(slider, i) {\n                   return '<i type=\"button\" style= \"color:#226041;\" class=\"ultsl-radio-checked\" data-role=\"none\"><\/i>';\n                },});\n\t\t\t\t\t}\n\t\t\t\t});\n\t\t\t<\/script>\n\t\t\t[\/vc_column][\/vc_row][vc_row bg_type=&#8221;image&#8221; parallax_style=&#8221;vcpb-default&#8221; bg_image_new=&#8221;id^201|url^https:\/\/www.dostziraat.com\/wp-content\/uploads\/alt_bg_img1.jpg|caption^null|alt^null|title^alt_bg_img1|description^null&#8221; bg_image_repeat=&#8221;no-repeat&#8221; bg_image_posiiton=&#8221;center&#8221; bg_override=&#8221;ex-full&#8221; css=&#8221;.vc_custom_1574675160973{padding-top: 10px !important;padding-bottom: 20px !important;}&#8221; el_class=&#8221;fixt2&#8243;][vc_column][vc_row_inner equal_height=&#8221;yes&#8221; content_placement=&#8221;middle&#8221; css=&#8221;.vc_custom_1574594489918{margin-top: 0px !important;padding-top: 0px !important;}&#8221;][vc_column_inner width=&#8221;2\/3&#8243; css=&#8221;.vc_custom_1574594435950{margin-top: 0px !important;padding-top: 0px !important;}&#8221;]<div id=\"ultimate-heading-113069f89dbc6d714\" class=\"uvc-heading ult-adjust-bottom-margin ultimate-heading-113069f89dbc6d714 uvc-5171 \" data-hspacer=\"no_spacer\"  data-halign=\"left\" style=\"text-align:left\"><div class=\"uvc-heading-spacer no_spacer\" style=\"top\"><\/div><div class=\"uvc-main-heading ult-responsive\"  data-ultimate-target='.uvc-heading.ultimate-heading-113069f89dbc6d714 h2'  data-responsive-json-new='{\"font-size\":\"desktop:22px;mobile_landscape:17px;mobile:17px;\",\"line-height\":\"desktop:26px;\"}' ><h2 style=\"font-family:&#039;Montserrat&#039;;font-weight:600;color:#226041;\">CONTACT US<\/h2><\/div><div class=\"uvc-sub-heading ult-responsive\"  data-ultimate-target='.uvc-heading.ultimate-heading-113069f89dbc6d714 .uvc-sub-heading '  data-responsive-json-new='{\"font-size\":\"desktop:18px;\",\"line-height\":\"desktop:25px;\"}'  style=\"font-family:&#039;Montserrat&#039;;font-weight:500;margin-bottom:0px;\">Your thoughts are valuable to us. Please do not hesitate to contact us for any inquiries you may have.<\/div><\/div>[\/vc_column_inner][vc_column_inner width=&#8221;1\/3&#8243; css=&#8221;.vc_custom_1574594439404{margin-top: 0px !important;padding-top: 0px !important;}&#8221;]<style type=\"text\/css\" data-type=\"the7_shortcodes-inline-css\">#default-btn-bd8ec52b17d924464659d29778abb0f2 * {\n  vertical-align: middle;\n}\n<\/style><div class=\"btn-align-center\"><a href=\"https:\/\/www.dostziraat.com\/iletisim\/\" class=\"default-btn-shortcode dt-btn dt-btn-m full-width-btn \" id=\"default-btn-bd8ec52b17d924464659d29778abb0f2\" title=\"\u0130leti\u015fim\"><span>CONTACT<\/span><\/a><\/div>[\/vc_column_inner][\/vc_row_inner][\/vc_column][\/vc_row]<\/p>","protected":false},"excerpt":{"rendered":"<p>[vc_row][vc_column width=&#8221;1\/3&#8243;][vc_single_image image=&#8221;348&#8243; img_size=&#8221;full&#8221; css=&#8221;.vc_custom_1574697833529{margin-top: 0px !important;margin-right: 0px !important;margin-bottom: 0px !important;margin-left: 0px !important;padding-top: 0px !important;padding-right: 0px !important;padding-bottom: 0px !important;padding-left: 0px !important;}&#8221;][\/vc_column][vc_column width=&#8221;2\/3&#8243;][vc_column_text css=&#8221;.vc_custom_1585743593855{margin-bottom: 0px !important;padding-bottom: 0px !important;}&#8221;]With the Dost Tohum brand, we produce the natural hybrid and heirloom seeds of tomatoes, peppers, cucumbers and various other vegetables. We collect various almost extinct seeds of especially&hellip;<\/p>\n","protected":false},"author":1,"featured_media":0,"parent":20,"menu_order":0,"comment_status":"closed","ping_status":"closed","template":"","meta":[],"aioseo_notices":[],"_links":{"self":[{"href":"https:\/\/www.dostziraat.com\/en\/wp-json\/wp\/v2\/pages\/155"}],"collection":[{"href":"https:\/\/www.dostziraat.com\/en\/wp-json\/wp\/v2\/pages"}],"about":[{"href":"https:\/\/www.dostziraat.com\/en\/wp-json\/wp\/v2\/types\/page"}],"author":[{"embeddable":true,"href":"https:\/\/www.dostziraat.com\/en\/wp-json\/wp\/v2\/users\/1"}],"replies":[{"embeddable":true,"href":"https:\/\/www.dostziraat.com\/en\/wp-json\/wp\/v2\/comments?post=155"}],"version-history":[{"count":17,"href":"https:\/\/www.dostziraat.com\/en\/wp-json\/wp\/v2\/pages\/155\/revisions"}],"predecessor-version":[{"id":2347,"href":"https:\/\/www.dostziraat.com\/en\/wp-json\/wp\/v2\/pages\/155\/revisions\/2347"}],"up":[{"embeddable":true,"href":"https:\/\/www.dostziraat.com\/en\/wp-json\/wp\/v2\/pages\/20"}],"wp:attachment":[{"href":"https:\/\/www.dostziraat.com\/en\/wp-json\/wp\/v2\/media?parent=155"}],"curies":[{"name":"wp","href":"https:\/\/api.w.org\/{rel}","templated":true}]}}