{"id":146,"date":"2019-11-24T12:52:34","date_gmt":"2019-11-24T09:52:34","guid":{"rendered":"https:\/\/www.dostziraat.com\/?page_id=146"},"modified":"2024-07-11T11:23:25","modified_gmt":"2024-07-11T08:23:25","slug":"perakende","status":"publish","type":"page","link":"https:\/\/www.dostziraat.com\/en\/hizmetlerimiz\/perakende\/","title":{"rendered":"Retail"},"content":{"rendered":"<p>[vc_row][vc_column width=&#8221;1\/3&#8243;][vc_single_image image=&#8221;343&#8243; img_size=&#8221;full&#8221; css=&#8221;.vc_custom_1574697789895{margin-top: 0px !important;margin-right: 0px !important;margin-bottom: 0px !important;margin-left: 0px !important;padding-top: 0px !important;padding-right: 0px !important;padding-bottom: 0px !important;padding-left: 0px !important;}&#8221;]<div class=\"ult-spacer spacer-69f899c0b85fb\" data-id=\"69f899c0b85fb\" data-height=\"0\" data-height-mobile=\"10\" data-height-tab=\"0\" data-height-tab-portrait=\"0\" data-height-mobile-landscape=\"10\" style=\"clear:both;display:block;\"><\/div>[\/vc_column][vc_column width=&#8221;2\/3&#8243;][vc_column_text css=&#8221;.vc_custom_1585738261816{margin-bottom: 0px !important;padding-bottom: 0px !important;}&#8221;]The daily milk we produce in Dost Ciftlik is offered with the <strong>Sut Kaynagi <\/strong>brand. In Istanbul, we deliver fresh and quality raw milk to end consumers through more than 200 national and local chain stores. Apart from Istanbul, we sell raw milk also in Izmir and Aydin.<\/p>\n<p>In addition to the activities with the Sut Kaynagi brand, we also deliver raw milk to end consumer with the <strong>Bi\u2019Sut<\/strong> brand. After individual customers contact us about the <strong>Bi\u2019Sut <\/strong>brand, we distribute raw milk to their address as much as they desire.<\/p>\n<p>Furthermore, we convey meticulously cultivated Apples and Pears to customers through contracted retail stores.[\/vc_column_text][\/vc_column][\/vc_row][vc_row full_width=&#8221;stretch_row&#8221; css=&#8221;.vc_custom_1578388482873{margin-top: 15px !important;margin-bottom: 35px !important;padding-top: 35px !important;padding-bottom: 40px !important;background-color: #fcfcfc !important;}&#8221;][vc_column css=&#8221;.vc_custom_1578388348758{margin-top: 0px !important;padding-top: 0px !important;}&#8221;]<div id=\"ultimate-heading-892369f899c0b8627\" class=\"uvc-heading ult-adjust-bottom-margin ultimate-heading-892369f899c0b8627 uvc-6891 \" data-hspacer=\"no_spacer\"  data-halign=\"center\" style=\"text-align:center\"><div class=\"uvc-heading-spacer no_spacer\" style=\"top\"><\/div><div class=\"uvc-main-heading ult-responsive\"  data-ultimate-target='.uvc-heading.ultimate-heading-892369f899c0b8627 h2'  data-responsive-json-new='{\"font-size\":\"desktop:22px;mobile_landscape:17px;mobile:17px;\",\"line-height\":\"desktop:26px;\"}' ><h2 style=\"font-family:&#039;Montserrat&#039;;font-weight:600;color:#226041;margin-bottom:15px;\">OUR REFERENCES<\/h2><\/div><\/div><style type=\"text\/css\" data-type=\"the7_shortcodes-inline-css\">.carousel-shortcode.carousel-shortcode-id-797a9f8a22a98f23a0fe7cfcc520eb0b .owl-nav a {\n  width: 36px;\n  height: 36px;\n  border-radius: 500px;\n}\n.dt-arrow-border-on.carousel-shortcode.carousel-shortcode-id-797a9f8a22a98f23a0fe7cfcc520eb0b .owl-nav a:not(:hover):before {\n  border-width: 0px;\n}\n.dt-arrow-hover-border-on.carousel-shortcode.carousel-shortcode-id-797a9f8a22a98f23a0fe7cfcc520eb0b .owl-nav a:hover:after {\n  border-width: 0px;\n}\n.carousel-shortcode.carousel-shortcode-id-797a9f8a22a98f23a0fe7cfcc520eb0b .owl-nav a.owl-prev {\n  top: 50%;\n  transform: translateY(calc(-50% + 0px));\n  left: -43px;\n}\n@media all and (-ms-high-contrast: none) {\n  .carousel-shortcode.carousel-shortcode-id-797a9f8a22a98f23a0fe7cfcc520eb0b .owl-nav a.owl-prev {\n    transform: translateY(-50%);\n    margin-top: 0px;\n  }\n}\n.carousel-shortcode.carousel-shortcode-id-797a9f8a22a98f23a0fe7cfcc520eb0b .owl-nav a.owl-prev i {\n  padding: 0px 0px 0px 0px;\n}\n.carousel-shortcode.carousel-shortcode-id-797a9f8a22a98f23a0fe7cfcc520eb0b .owl-nav a.owl-next {\n  top: 50%;\n  transform: translateY(calc(-50% + 0px));\n  right: -43px;\n}\n@media all and (-ms-high-contrast: none) {\n  .carousel-shortcode.carousel-shortcode-id-797a9f8a22a98f23a0fe7cfcc520eb0b .owl-nav a.owl-next {\n    transform: translateY(-50%);\n    margin-top: 0px;\n  }\n}\n.carousel-shortcode.carousel-shortcode-id-797a9f8a22a98f23a0fe7cfcc520eb0b .owl-nav a.owl-next i {\n  padding: 0px 0px 0px 0px;\n}\n.carousel-shortcode.carousel-shortcode-id-797a9f8a22a98f23a0fe7cfcc520eb0b .owl-nav i {\n  font-size: 18px;\n}\n.carousel-shortcode.carousel-shortcode-id-797a9f8a22a98f23a0fe7cfcc520eb0b .owl-nav a:not(:hover) i,\n.carousel-shortcode.carousel-shortcode-id-797a9f8a22a98f23a0fe7cfcc520eb0b .owl-nav a:not(:hover) i:before {\n  color: #ffffff;\n  background: none;\n}\n.carousel-shortcode.carousel-shortcode-id-797a9f8a22a98f23a0fe7cfcc520eb0b .owl-nav a:hover i,\n.carousel-shortcode.carousel-shortcode-id-797a9f8a22a98f23a0fe7cfcc520eb0b .owl-nav a:hover i:before {\n  color: rgba(255,255,255,0.75);\n  background: none;\n}\n.carousel-shortcode.carousel-shortcode-id-797a9f8a22a98f23a0fe7cfcc520eb0b .owl-dots {\n  top: calc(100% + 20px);\n  left: 50%;\n  transform: translateX(calc(-50% + 0px));\n}\n@media all and (-ms-high-contrast: none) {\n  .carousel-shortcode.carousel-shortcode-id-797a9f8a22a98f23a0fe7cfcc520eb0b .owl-dots {\n    transform: translateX(-50%);\n    margin-left: 0px;\n  }\n}\n.carousel-shortcode.carousel-shortcode-id-797a9f8a22a98f23a0fe7cfcc520eb0b .owl-dot {\n  width: 10px;\n  height: 10px;\n  margin: 0 8px;\n}\n@media screen and (max-width: 778px) {\n  .carousel-shortcode.carousel-shortcode-id-797a9f8a22a98f23a0fe7cfcc520eb0b.hide-arrows .owl-nav a {\n    display: none;\n  }\n}\n@media screen and (max-width: 778px) {\n  .carousel-shortcode.carousel-shortcode-id-797a9f8a22a98f23a0fe7cfcc520eb0b.reposition-arrows .owl-nav .owl-prev {\n    top: 50%;\n    transform: translateY(calc(-50% + 0px));\n    left: 10px;\n  }\n  .carousel-shortcode.carousel-shortcode-id-797a9f8a22a98f23a0fe7cfcc520eb0b.reposition-arrows .owl-nav .owl-next {\n    top: 50%;\n    transform: translateY(calc(-50% + 0px));\n    right: 10px;\n  }\n}\n@media screen and (max-width: 778px) and all and (-ms-high-contrast: none) {\n  .carousel-shortcode.carousel-shortcode-id-797a9f8a22a98f23a0fe7cfcc520eb0b.reposition-arrows .owl-nav .owl-prev {\n    transform: translateY(-50%);\n    margin-top: 0px;\n  }\n}\n@media screen and (max-width: 778px) and all and (-ms-high-contrast: none) {\n  .carousel-shortcode.carousel-shortcode-id-797a9f8a22a98f23a0fe7cfcc520eb0b.reposition-arrows .owl-nav .owl-next {\n    transform: translateY(-50%);\n    margin-top: 0px;\n  }\n}\n<\/style><div class=\"owl-carousel carousel-shortcode dt-owl-carousel-call carousel-shortcode-id-797a9f8a22a98f23a0fe7cfcc520eb0b bullets-small-dot-stroke reposition-arrows arrows-bg-on dt-arrow-border-on dt-arrow-hover-border-on disable-arrows-hover-bg arrows-hover-bg-on  \" data-scroll-mode=\"1\" data-col-num=\"6\" data-wide-col-num=\"6\" data-laptop-col=\"5\" data-h-tablet-columns-num=\"4\" data-v-tablet-columns-num=\"3\" data-phone-columns-num=\"2\" data-auto-height=\"true\" data-col-gap=\"10\" data-stage-padding=\"0\" data-speed=\"600\" data-autoplay=\"true\" data-autoplay_speed=\"6000\" data-arrows=\"false\" data-bullet=\"false\" data-next-icon=\"icon-ar-017-r\" data-prev-icon=\"icon-ar-017-l\">[vc_single_image image=&#8221;653&#8243; img_size=&#8221;full&#8221; alignment=&#8221;center&#8221; css=&#8221;.vc_custom_1578469779981{margin-top: 0px !important;margin-right: 0px !important;margin-bottom: 0px !important;margin-left: 0px !important;padding-top: 0px !important;padding-right: 0px !important;padding-bottom: 0px !important;padding-left: 0px !important;}&#8221;][vc_single_image image=&#8221;661&#8243; img_size=&#8221;full&#8221; alignment=&#8221;center&#8221; css=&#8221;.vc_custom_1578470223508{margin-top: 0px !important;margin-right: 0px !important;margin-bottom: 0px !important;margin-left: 0px !important;padding-top: 0px !important;padding-right: 0px !important;padding-bottom: 0px !important;padding-left: 0px !important;}&#8221;]<\/div>[\/vc_column][\/vc_row][vc_row css=&#8221;.vc_custom_1574677701377{margin-bottom: 65px !important;padding-top: 5px !important;}&#8221;][vc_column css=&#8221;.vc_custom_1574678573244{padding-top: 0px !important;}&#8221;]<div id=\"ultimate-heading-423969f899c0b86fc\" class=\"uvc-heading ult-adjust-bottom-margin ultimate-heading-423969f899c0b86fc uvc-3685 \" data-hspacer=\"no_spacer\"  data-halign=\"center\" style=\"text-align:center\"><div class=\"uvc-heading-spacer no_spacer\" style=\"top\"><\/div><div class=\"uvc-main-heading ult-responsive\"  data-ultimate-target='.uvc-heading.ultimate-heading-423969f899c0b86fc h2'  data-responsive-json-new='{\"font-size\":\"desktop:22px;mobile_landscape:17px;mobile:17px;\",\"line-height\":\"desktop:26px;\"}' ><h2 style=\"font-family:&#039;Montserrat&#039;;font-weight:600;color:#226041;margin-bottom:15px;\">OTHER SERVICES<\/h2><\/div><\/div><div id=\"ult-carousel-3506698569f899c0b8760\" class=\"ult-carousel-wrapper  vc_custom_1574678500834  ult_horizontal\" data-gutter=\"4\" data-rtl=\"false\" ><div class=\"ult-carousel-45671640269f899c0b8732 \" ><div class=\"ult-item-wrap\" data-animation=\"animated no-animation\"><div class=\"ult-new-ib ult-ib-effect-style2  ult-ib-resp ult-ib2-min-height  vc_custom_1720686104448\" data-min-width=\"768\" data-max-width=\"900\" style=\"background:#927e5e; opacity:0; \" data-opacity=\"0.4\" data-hover-opacity=\"0.1\"  data-min-height=\"155\" ><img decoding=\"async\" class=\"ult-new-ib-img\" style=\"opacity:0.4;\" alt=\"null\" src=\"https:\/\/www.dostziraat.com\/wp-content\/uploads\/damizlik-duve-yetistiriciligi_img.jpg\"  data-min-height=\"155\"   \/><div id=\"interactive-banner-wrap-8862\" class=\"ult-new-ib-desc\" style=\"\"><h2 class=\"ult-new-ib-title ult-responsive\"  data-ultimate-target='#interactive-banner-wrap-8862 .ult-new-ib-title'  data-responsive-json-new='{\"font-size\":\"desktop:18px;mobile:20px;\",\"line-height\":\"\"}'  style=\"font-family:&#039;Montserrat&#039;;font-weight:600;color:#ffffff;\">Heifer Breeding<\/h2><div class=\"ult-new-ib-content ult-responsive\"  data-ultimate-target='#interactive-banner-wrap-8862 .ult-new-ib-content'  data-responsive-json-new='{\"font-size\":\"\",\"line-height\":\"\"}'  style=\"font-weight:normal;\"><p>Details<\/p><\/div><\/div><a class=\"ult-new-ib-link\" href=\"https:\/\/www.dostziraat.com\/hizmetlerimiz\/hayvansal-uretim\/\" title=\"Hayvansal \u00dcretim\"  data-touch-delay=\"0\"><\/a><\/div><script type=\"text\/javascript\">\n\t\t\t(function($){\n\t\t\t\t$(document).ready(function(){\n\t\t\t\t\t$(\".ult-new-ib\").css(\"opacity\",\"1\");\n\t\t\t\t});\n\t\t\t})(jQuery);\n\t\t\t<\/script><\/div><div class=\"ult-item-wrap\" data-animation=\"animated no-animation\"><div class=\"ult-new-ib ult-ib-effect-style2  ult-ib-resp ult-ib2-min-height  vc_custom_1720686119834\" data-min-width=\"768\" data-max-width=\"900\" style=\"background:#687559; opacity:0; \" data-opacity=\"0.4\" data-hover-opacity=\"0.1\"  data-min-height=\"155\" ><img decoding=\"async\" class=\"ult-new-ib-img\" style=\"opacity:0.4;\" alt=\"null\" src=\"https:\/\/www.dostziraat.com\/wp-content\/uploads\/bitkisel-ana-sayfa.jpg\"  data-min-height=\"155\"   \/><div id=\"interactive-banner-wrap-7646\" class=\"ult-new-ib-desc\" style=\"\"><h2 class=\"ult-new-ib-title ult-responsive\"  data-ultimate-target='#interactive-banner-wrap-7646 .ult-new-ib-title'  data-responsive-json-new='{\"font-size\":\"desktop:18px;mobile:20px;\",\"line-height\":\"\"}'  style=\"font-family:&#039;Montserrat&#039;;font-weight:600;color:#ffffff;\">Vegetative Production<\/h2><div class=\"ult-new-ib-content ult-responsive\"  data-ultimate-target='#interactive-banner-wrap-7646 .ult-new-ib-content'  data-responsive-json-new='{\"font-size\":\"\",\"line-height\":\"\"}'  style=\"font-weight:normal;\"><p>Details<\/p><\/div><\/div><a class=\"ult-new-ib-link\" href=\"https:\/\/www.dostziraat.com\/hizmetlerimiz\/bitkisel-uretim\/\" title=\"Bitkisel \u00dcretim\"  data-touch-delay=\"0\"><\/a><\/div><script type=\"text\/javascript\">\n\t\t\t(function($){\n\t\t\t\t$(document).ready(function(){\n\t\t\t\t\t$(\".ult-new-ib\").css(\"opacity\",\"1\");\n\t\t\t\t});\n\t\t\t})(jQuery);\n\t\t\t<\/script><\/div><div class=\"ult-item-wrap\" data-animation=\"animated no-animation\"><div class=\"ult-new-ib ult-ib-effect-style2  ult-ib-resp ult-ib2-min-height  vc_custom_1720686133654\" data-min-width=\"768\" data-max-width=\"900\" style=\"background:#2a375b; opacity:0; \" data-opacity=\"0.4\" data-hover-opacity=\"0.1\"  data-min-height=\"155\" ><img decoding=\"async\" class=\"ult-new-ib-img\" style=\"opacity:0.4;\" alt=\"null\" src=\"https:\/\/www.dostziraat.com\/wp-content\/uploads\/perakende-2.jpg\"  data-min-height=\"155\"   \/><div id=\"interactive-banner-wrap-2957\" class=\"ult-new-ib-desc\" style=\"\"><h2 class=\"ult-new-ib-title ult-responsive\"  data-ultimate-target='#interactive-banner-wrap-2957 .ult-new-ib-title'  data-responsive-json-new='{\"font-size\":\"desktop:18px;mobile:20px;\",\"line-height\":\"\"}'  style=\"font-family:&#039;Montserrat&#039;;font-weight:600;color:#ffffff;\">Retail<\/h2><div class=\"ult-new-ib-content ult-responsive\"  data-ultimate-target='#interactive-banner-wrap-2957 .ult-new-ib-content'  data-responsive-json-new='{\"font-size\":\"\",\"line-height\":\"\"}'  style=\"font-weight:normal;\"><p>Details<\/p><\/div><\/div><a class=\"ult-new-ib-link\" href=\"https:\/\/www.dostziraat.com\/hizmetlerimiz\/perakende\/\" title=\"Perakende\"  data-touch-delay=\"0\"><\/a><\/div><script type=\"text\/javascript\">\n\t\t\t(function($){\n\t\t\t\t$(document).ready(function(){\n\t\t\t\t\t$(\".ult-new-ib\").css(\"opacity\",\"1\");\n\t\t\t\t});\n\t\t\t})(jQuery);\n\t\t\t<\/script><\/div><div class=\"ult-item-wrap\" data-animation=\"animated no-animation\"><div class=\"ult-new-ib ult-ib-effect-style2  ult-ib-resp ult-ib2-min-height  vc_custom_1720686138688\" data-min-width=\"768\" data-max-width=\"900\" style=\"background:#2b8ace; opacity:0; \" data-opacity=\"0.4\" data-hover-opacity=\"0.1\"  data-min-height=\"155\" ><img decoding=\"async\" class=\"ult-new-ib-img\" style=\"opacity:0.4;\" alt=\"null\" src=\"https:\/\/www.dostziraat.com\/wp-content\/uploads\/ihracat_img.jpg\"  data-min-height=\"155\"   \/><div id=\"interactive-banner-wrap-2415\" class=\"ult-new-ib-desc\" style=\"\"><h2 class=\"ult-new-ib-title ult-responsive\"  data-ultimate-target='#interactive-banner-wrap-2415 .ult-new-ib-title'  data-responsive-json-new='{\"font-size\":\"desktop:18px;mobile:20px;\",\"line-height\":\"\"}'  style=\"font-family:&#039;Montserrat&#039;;font-weight:600;color:#ffffff;\">Exportation<\/h2><div class=\"ult-new-ib-content ult-responsive\"  data-ultimate-target='#interactive-banner-wrap-2415 .ult-new-ib-content'  data-responsive-json-new='{\"font-size\":\"\",\"line-height\":\"\"}'  style=\"font-weight:normal;\"><p>Details<\/p><\/div><\/div><a class=\"ult-new-ib-link\" href=\"https:\/\/www.dostziraat.com\/hizmetlerimiz\/ihracat\/\" title=\"\u0130hracat\"  data-touch-delay=\"0\"><\/a><\/div><script type=\"text\/javascript\">\n\t\t\t(function($){\n\t\t\t\t$(document).ready(function(){\n\t\t\t\t\t$(\".ult-new-ib\").css(\"opacity\",\"1\");\n\t\t\t\t});\n\t\t\t})(jQuery);\n\t\t\t<\/script><\/div><div class=\"ult-item-wrap\" data-animation=\"animated no-animation\"><div class=\"ult-new-ib ult-ib-effect-style2  ult-ib-resp ult-ib2-min-height  vc_custom_1720686157923\" data-min-width=\"768\" data-max-width=\"900\" style=\"background:#757b35; opacity:0; \" data-opacity=\"0.4\" data-hover-opacity=\"0.1\"  data-min-height=\"155\" ><img decoding=\"async\" class=\"ult-new-ib-img\" style=\"opacity:0.4;\" alt=\"null\" src=\"https:\/\/www.dostziraat.com\/wp-content\/uploads\/sut-hayvanciligi.jpg\"  data-min-height=\"155\"   \/><div id=\"interactive-banner-wrap-3780\" class=\"ult-new-ib-desc\" style=\"\"><h2 class=\"ult-new-ib-title ult-responsive\"  data-ultimate-target='#interactive-banner-wrap-3780 .ult-new-ib-title'  data-responsive-json-new='{\"font-size\":\"desktop:18px;mobile:20px;\",\"line-height\":\"\"}'  style=\"font-family:&#039;Montserrat&#039;;font-weight:600;color:#ffffff;\">Dairy Farming<\/h2><div class=\"ult-new-ib-content ult-responsive\"  data-ultimate-target='#interactive-banner-wrap-3780 .ult-new-ib-content'  data-responsive-json-new='{\"font-size\":\"\",\"line-height\":\"\"}'  style=\"font-weight:normal;\"><p>Details<\/p><\/div><\/div><a class=\"ult-new-ib-link\" href=\"https:\/\/www.dostziraat.com\/hizmetlerimiz\/tohumculuk\/\" title=\"Tohumculuk\"  data-touch-delay=\"0\"><\/a><\/div><script type=\"text\/javascript\">\n\t\t\t(function($){\n\t\t\t\t$(document).ready(function(){\n\t\t\t\t\t$(\".ult-new-ib\").css(\"opacity\",\"1\");\n\t\t\t\t});\n\t\t\t})(jQuery);\n\t\t\t<\/script><\/div><div class=\"ult-item-wrap\" data-animation=\"animated no-animation\"><div class=\"ult-new-ib ult-ib-effect-style2  ult-ib-resp ult-ib2-min-height  vc_custom_1720686174675\" data-min-width=\"768\" data-max-width=\"900\" style=\"background:#381247; opacity:0; \" data-opacity=\"0.4\" data-hover-opacity=\"0.1\"  data-min-height=\"155\" ><img decoding=\"async\" class=\"ult-new-ib-img\" style=\"opacity:0.4;\" alt=\"null\" src=\"https:\/\/www.dostziraat.com\/wp-content\/uploads\/tropik-meyvecilik.jpg\"  data-min-height=\"155\"   \/><div id=\"interactive-banner-wrap-8708\" class=\"ult-new-ib-desc\" style=\"\"><h2 class=\"ult-new-ib-title ult-responsive\"  data-ultimate-target='#interactive-banner-wrap-8708 .ult-new-ib-title'  data-responsive-json-new='{\"font-size\":\"desktop:18px;mobile:20px;\",\"line-height\":\"\"}'  style=\"font-family:&#039;Montserrat&#039;;font-weight:600;color:#ffffff;\">Tropical Fruit Growing<\/h2><div class=\"ult-new-ib-content ult-responsive\"  data-ultimate-target='#interactive-banner-wrap-8708 .ult-new-ib-content'  data-responsive-json-new='{\"font-size\":\"\",\"line-height\":\"\"}'  style=\"font-weight:normal;\"><p>Details<\/p><\/div><\/div><a class=\"ult-new-ib-link\" href=\"https:\/\/www.dostziraat.com\/hizmetlerimiz\/meyvecilik\/\" title=\"Meyvecilik\"  data-touch-delay=\"0\"><\/a><\/div><script type=\"text\/javascript\">\n\t\t\t(function($){\n\t\t\t\t$(document).ready(function(){\n\t\t\t\t\t$(\".ult-new-ib\").css(\"opacity\",\"1\");\n\t\t\t\t});\n\t\t\t})(jQuery);\n\t\t\t<\/script><\/div><div class=\"ult-item-wrap\" data-animation=\"animated no-animation\"><div class=\"ult-new-ib ult-ib-effect-style2  ult-ib-resp ult-ib2-min-height  vc_custom_1720686195248\" data-min-width=\"768\" data-max-width=\"900\" style=\"background:#64a4ca; opacity:0; \" data-opacity=\"0.4\" data-hover-opacity=\"0.1\"  data-min-height=\"155\" ><img decoding=\"async\" class=\"ult-new-ib-img\" style=\"opacity:0.4;\" alt=\"null\" src=\"https:\/\/www.dostziraat.com\/wp-content\/uploads\/bitkisel-uretim-img.jpg\"  data-min-height=\"155\"   \/><div id=\"interactive-banner-wrap-2149\" class=\"ult-new-ib-desc\" style=\"\"><h2 class=\"ult-new-ib-title ult-responsive\"  data-ultimate-target='#interactive-banner-wrap-2149 .ult-new-ib-title'  data-responsive-json-new='{\"font-size\":\"desktop:18px;mobile:20px;\",\"line-height\":\"\"}'  style=\"font-family:&#039;Montserrat&#039;;font-weight:600;color:#ffffff;\">Agricultural Technologies<\/h2><div class=\"ult-new-ib-content ult-responsive\"  data-ultimate-target='#interactive-banner-wrap-2149 .ult-new-ib-content'  data-responsive-json-new='{\"font-size\":\"\",\"line-height\":\"\"}'  style=\"font-weight:normal;\"><p>Details<\/p><\/div><\/div><a class=\"ult-new-ib-link\" href=\"https:\/\/www.dostziraat.com\/hizmetlerimiz\/tarim-teknolojileri-ar-ge\/\" title=\"Tar\u0131m Teknolojileri AR-GE\"  data-touch-delay=\"0\"><\/a><\/div><script type=\"text\/javascript\">\n\t\t\t(function($){\n\t\t\t\t$(document).ready(function(){\n\t\t\t\t\t$(\".ult-new-ib\").css(\"opacity\",\"1\");\n\t\t\t\t});\n\t\t\t})(jQuery);\n\t\t\t<\/script><\/div><div class=\"ult-item-wrap\" data-animation=\"animated no-animation\"><div class=\"ult-new-ib ult-ib-effect-style2  ult-ib-resp ult-ib2-min-height  vc_custom_1720686202149\" data-min-width=\"768\" data-max-width=\"900\" style=\"background:#7a6f59; opacity:0; \" data-opacity=\"0.4\" data-hover-opacity=\"0.1\"  data-min-height=\"155\" ><img decoding=\"async\" class=\"ult-new-ib-img\" style=\"opacity:0.4;\" alt=\"null\" src=\"https:\/\/www.dostziraat.com\/wp-content\/uploads\/danismanlik_img.jpg\"  data-min-height=\"155\"   \/><div id=\"interactive-banner-wrap-5018\" class=\"ult-new-ib-desc\" style=\"\"><h2 class=\"ult-new-ib-title ult-responsive\"  data-ultimate-target='#interactive-banner-wrap-5018 .ult-new-ib-title'  data-responsive-json-new='{\"font-size\":\"desktop:18px;mobile:20px;\",\"line-height\":\"\"}'  style=\"font-family:&#039;Montserrat&#039;;font-weight:600;color:#ffffff;\">Consultancy<\/h2><div class=\"ult-new-ib-content ult-responsive\"  data-ultimate-target='#interactive-banner-wrap-5018 .ult-new-ib-content'  data-responsive-json-new='{\"font-size\":\"\",\"line-height\":\"\"}'  style=\"font-weight:normal;\"><p>Details<\/p><\/div><\/div><a class=\"ult-new-ib-link\" href=\"https:\/\/www.dostziraat.com\/hizmetlerimiz\/danismanlik\/\" title=\"Dan\u0131\u015fmanl\u0131k\"  data-touch-delay=\"0\"><\/a><\/div><script type=\"text\/javascript\">\n\t\t\t(function($){\n\t\t\t\t$(document).ready(function(){\n\t\t\t\t\t$(\".ult-new-ib\").css(\"opacity\",\"1\");\n\t\t\t\t});\n\t\t\t})(jQuery);\n\t\t\t<\/script><\/div><\/div><\/div>\t\t\t<script type=\"text\/javascript\">\n\t\t\t\tjQuery(document).ready(function ($) {\n\t\t\t\t\tif( typeof jQuery('.ult-carousel-45671640269f899c0b8732').slick == \"function\"){\n\t\t\t\t\t\t$('.ult-carousel-45671640269f899c0b8732').slick({dots: true,autoplay: true,autoplaySpeed: 3500,speed: 300,infinite: true,arrows: false,slidesToScroll:1,slidesToShow:4,swipe: true,draggable: true,touchMove: true,pauseOnHover: false,pauseOnFocus: false,adaptiveHeight: true,responsive: [\n\t\t\t\t\t\t\t{\n\t\t\t\t\t\t\t  breakpoint: 1026,\n\t\t\t\t\t\t\t  settings: {\n\t\t\t\t\t\t\t\tslidesToShow: 4,\n\t\t\t\t\t\t\t\tslidesToScroll: 1,  \n\t\t\t\t\t\t\t  }\n\t\t\t\t\t\t\t},\n\t\t\t\t\t\t\t{\n\t\t\t\t\t\t\t  breakpoint: 1025,\n\t\t\t\t\t\t\t  settings: {\n\t\t\t\t\t\t\t\tslidesToShow: 2,\n\t\t\t\t\t\t\t\tslidesToScroll: 1\n\t\t\t\t\t\t\t  }\n\t\t\t\t\t\t\t},\n\t\t\t\t\t\t\t{\n\t\t\t\t\t\t\t  breakpoint: 760,\n\t\t\t\t\t\t\t  settings: {\n\t\t\t\t\t\t\t\tslidesToShow: 1,\n\t\t\t\t\t\t\t\tslidesToScroll: 1\n\t\t\t\t\t\t\t  }\n\t\t\t\t\t\t\t}\n\t\t\t\t\t\t],pauseOnDotsHover: true,customPaging: function(slider, i) {\n                   return '<i type=\"button\" style= \"color:#226041;\" class=\"ultsl-radio-checked\" data-role=\"none\"><\/i>';\n                },});\n\t\t\t\t\t}\n\t\t\t\t});\n\t\t\t<\/script>\n\t\t\t[\/vc_column][\/vc_row][vc_row bg_type=&#8221;image&#8221; parallax_style=&#8221;vcpb-default&#8221; bg_image_new=&#8221;id^201|url^https:\/\/www.dostziraat.com\/wp-content\/uploads\/alt_bg_img1.jpg|caption^null|alt^null|title^alt_bg_img1|description^null&#8221; bg_image_repeat=&#8221;no-repeat&#8221; bg_image_posiiton=&#8221;center&#8221; bg_override=&#8221;ex-full&#8221; css=&#8221;.vc_custom_1574675160973{padding-top: 10px !important;padding-bottom: 20px !important;}&#8221; el_class=&#8221;fixt2&#8243;][vc_column][vc_row_inner equal_height=&#8221;yes&#8221; content_placement=&#8221;middle&#8221; css=&#8221;.vc_custom_1574594489918{margin-top: 0px !important;padding-top: 0px !important;}&#8221;][vc_column_inner width=&#8221;2\/3&#8243; css=&#8221;.vc_custom_1574594435950{margin-top: 0px !important;padding-top: 0px !important;}&#8221;]<div id=\"ultimate-heading-395669f899c0b8d59\" class=\"uvc-heading ult-adjust-bottom-margin ultimate-heading-395669f899c0b8d59 uvc-7844 \" data-hspacer=\"no_spacer\"  data-halign=\"left\" style=\"text-align:left\"><div class=\"uvc-heading-spacer no_spacer\" style=\"top\"><\/div><div class=\"uvc-main-heading ult-responsive\"  data-ultimate-target='.uvc-heading.ultimate-heading-395669f899c0b8d59 h2'  data-responsive-json-new='{\"font-size\":\"desktop:22px;mobile_landscape:17px;mobile:17px;\",\"line-height\":\"desktop:26px;\"}' ><h2 style=\"font-family:&#039;Montserrat&#039;;font-weight:600;color:#226041;\">CONTACT US<\/h2><\/div><div class=\"uvc-sub-heading ult-responsive\"  data-ultimate-target='.uvc-heading.ultimate-heading-395669f899c0b8d59 .uvc-sub-heading '  data-responsive-json-new='{\"font-size\":\"desktop:18px;\",\"line-height\":\"desktop:25px;\"}'  style=\"font-family:&#039;Montserrat&#039;;font-weight:500;margin-bottom:0px;\">Your thoughts are valuable to us. Please do not hesitate to contact us for any inquiries you may have.<\/div><\/div>[\/vc_column_inner][vc_column_inner width=&#8221;1\/3&#8243; css=&#8221;.vc_custom_1574594439404{margin-top: 0px !important;padding-top: 0px !important;}&#8221;]<style type=\"text\/css\" data-type=\"the7_shortcodes-inline-css\">#default-btn-bd8ec52b17d924464659d29778abb0f2 * {\n  vertical-align: middle;\n}\n<\/style><div class=\"btn-align-center\"><a href=\"https:\/\/www.dostziraat.com\/iletisim\/\" class=\"default-btn-shortcode dt-btn dt-btn-m full-width-btn \" id=\"default-btn-bd8ec52b17d924464659d29778abb0f2\" title=\"\u0130leti\u015fim\"><span>CONTACT<\/span><\/a><\/div>[\/vc_column_inner][\/vc_row_inner][\/vc_column][\/vc_row]<\/p>","protected":false},"excerpt":{"rendered":"<p>[vc_row][vc_column width=&#8221;1\/3&#8243;][vc_single_image image=&#8221;343&#8243; img_size=&#8221;full&#8221; css=&#8221;.vc_custom_1574697789895{margin-top: 0px !important;margin-right: 0px !important;margin-bottom: 0px !important;margin-left: 0px !important;padding-top: 0px !important;padding-right: 0px !important;padding-bottom: 0px !important;padding-left: 0px !important;}&#8221;][\/vc_column][vc_column width=&#8221;2\/3&#8243;][vc_column_text css=&#8221;.vc_custom_1585738261816{margin-bottom: 0px !important;padding-bottom: 0px !important;}&#8221;]The daily milk we produce in Dost Ciftlik is offered with the Sut Kaynagi brand. In Istanbul, we deliver fresh and quality raw milk to end consumers through more&hellip;<\/p>\n","protected":false},"author":1,"featured_media":0,"parent":20,"menu_order":0,"comment_status":"closed","ping_status":"closed","template":"","meta":[],"aioseo_notices":[],"_links":{"self":[{"href":"https:\/\/www.dostziraat.com\/en\/wp-json\/wp\/v2\/pages\/146"}],"collection":[{"href":"https:\/\/www.dostziraat.com\/en\/wp-json\/wp\/v2\/pages"}],"about":[{"href":"https:\/\/www.dostziraat.com\/en\/wp-json\/wp\/v2\/types\/page"}],"author":[{"embeddable":true,"href":"https:\/\/www.dostziraat.com\/en\/wp-json\/wp\/v2\/users\/1"}],"replies":[{"embeddable":true,"href":"https:\/\/www.dostziraat.com\/en\/wp-json\/wp\/v2\/comments?post=146"}],"version-history":[{"count":30,"href":"https:\/\/www.dostziraat.com\/en\/wp-json\/wp\/v2\/pages\/146\/revisions"}],"predecessor-version":[{"id":1702,"href":"https:\/\/www.dostziraat.com\/en\/wp-json\/wp\/v2\/pages\/146\/revisions\/1702"}],"up":[{"embeddable":true,"href":"https:\/\/www.dostziraat.com\/en\/wp-json\/wp\/v2\/pages\/20"}],"wp:attachment":[{"href":"https:\/\/www.dostziraat.com\/en\/wp-json\/wp\/v2\/media?parent=146"}],"curies":[{"name":"wp","href":"https:\/\/api.w.org\/{rel}","templated":true}]}}